{"id":8123,"date":"2026-02-19T21:19:55","date_gmt":"2026-02-20T01:19:55","guid":{"rendered":"https:\/\/coquesa.hotelesandina.com\/?page_id=8123"},"modified":"2026-02-19T21:24:59","modified_gmt":"2026-02-20T01:24:59","slug":"verification","status":"publish","type":"page","link":"https:\/\/coquesa.hotelesandina.com\/en\/verification\/","title":{"rendered":"Verification"},"content":{"rendered":"<div data-elementor-type=\"wp-page\" data-elementor-id=\"8123\" class=\"elementor elementor-8123\">\n\t\t\t\t\t\t<section class=\"elementor-section elementor-top-section elementor-element elementor-element-71f13ae0 elementor-section-stretched elementor-section-content-middle elementor-section-boxed elementor-section-height-default elementor-section-height-default\" data-id=\"71f13ae0\" data-element_type=\"section\" data-e-type=\"section\" data-settings=\"{&quot;stretch_section&quot;:&quot;section-stretched&quot;,&quot;background_background&quot;:&quot;classic&quot;}\">\n\t\t\t\t\t\t\t<div class=\"elementor-background-overlay\"><\/div>\n\t\t\t\t\t\t\t<div class=\"elementor-container elementor-column-gap-default\">\n\t\t\t\t\t<div class=\"elementor-column elementor-col-100 elementor-top-column elementor-element elementor-element-77937bfc\" data-id=\"77937bfc\" data-element_type=\"column\" data-e-type=\"column\">\n\t\t\t<div class=\"elementor-widget-wrap elementor-element-populated\">\n\t\t\t\t\t\t<div class=\"elementor-element elementor-element-76af6706 elementor-widget elementor-widget-heading\" data-id=\"76af6706\" data-element_type=\"widget\" data-e-type=\"widget\" data-widget_type=\"heading.default\">\n\t\t\t\t<div class=\"elementor-widget-container\">\n\t\t\t\t\t<h1 class=\"elementor-heading-title elementor-size-default\">Verificaci\u00f3n<\/h1>\t\t\t\t<\/div>\n\t\t\t\t<\/div>\n\t\t\t\t\t<\/div>\n\t\t<\/div>\n\t\t\t\t\t<\/div>\n\t\t<\/section>\n\t\t\t\t<section class=\"elementor-section elementor-top-section elementor-element elementor-element-cebf8a7 elementor-section-stretched elementor-section-boxed elementor-section-height-default elementor-section-height-default\" data-id=\"cebf8a7\" data-element_type=\"section\" data-e-type=\"section\" data-settings=\"{&quot;stretch_section&quot;:&quot;section-stretched&quot;}\">\n\t\t\t\t\t\t<div class=\"elementor-container elementor-column-gap-default\">\n\t\t\t\t\t<div class=\"elementor-column elementor-col-100 elementor-top-column elementor-element elementor-element-a8c6243\" data-id=\"a8c6243\" data-element_type=\"column\" data-e-type=\"column\" data-settings=\"{&quot;background_background&quot;:&quot;classic&quot;}\">\n\t\t\t<div class=\"elementor-widget-wrap elementor-element-populated\">\n\t\t\t\t\t\t<div class=\"elementor-element elementor-element-285b64c elementor-widget elementor-widget-heading\" data-id=\"285b64c\" data-element_type=\"widget\" data-e-type=\"widget\" data-widget_type=\"heading.default\">\n\t\t\t\t<div class=\"elementor-widget-container\">\n\t\t\t\t\t<h2 class=\"elementor-heading-title elementor-size-default\">\u00a1Gracias por su reserva!<\/h2>\t\t\t\t<\/div>\n\t\t\t\t<\/div>\n\t\t\t\t<div class=\"elementor-element elementor-element-743f1aa elementor-widget elementor-widget-text-editor\" data-id=\"743f1aa\" data-element_type=\"widget\" data-e-type=\"widget\" data-widget_type=\"text-editor.default\">\n\t\t\t\t<div class=\"elementor-widget-container\">\n\t\t\t\t\t\t\t\t\t<p>Hemos recibido correctamente su solicitud y ya se encuentra en proceso de verificaci\u00f3n. Nuestro equipo est\u00e1 revisando los detalles para asegurar la disponibilidad y brindarle la mejor experiencia posible.<\/p><p>En los pr\u00f3ximos minutos, uno de nuestros asesores se comunicar\u00e1 con usted a trav\u00e9s de los datos proporcionados para confirmar la informaci\u00f3n, coordinar los aspectos finales de su estad\u00eda y responder cualquier consulta adicional que pudiera tener.<\/p><p>Le agradecemos por confiar en nosotros para planificar su visita. Trabajamos para que su experiencia sea c\u00f3moda, segura y memorable desde el primer momento.<\/p><p><strong>\u00a1Ser\u00e1 un placer recibirlo pronto!<\/strong><\/p>\t\t\t\t\t\t\t\t<\/div>\n\t\t\t\t<\/div>\n\t\t\t\t\t<\/div>\n\t\t<\/div>\n\t\t\t\t\t<\/div>\n\t\t<\/section>\n\t\t\t\t<section class=\"elementor-section elementor-top-section elementor-element elementor-element-7ec8e86 elementor-section-boxed elementor-section-height-default elementor-section-height-default\" data-id=\"7ec8e86\" data-element_type=\"section\" data-e-type=\"section\">\n\t\t\t\t\t\t<div class=\"elementor-container elementor-column-gap-default\">\n\t\t\t\t\t<div class=\"elementor-column elementor-col-100 elementor-top-column elementor-element elementor-element-41c26f3\" data-id=\"41c26f3\" data-element_type=\"column\" data-e-type=\"column\">\n\t\t\t<div class=\"elementor-widget-wrap elementor-element-populated\">\n\t\t\t\t\t\t<div class=\"elementor-element elementor-element-4e9beaf elementor-widget elementor-widget-customcss\" data-id=\"4e9beaf\" data-element_type=\"widget\" data-e-type=\"widget\" data-widget_type=\"customcss.default\">\n\t\t\t\t<div class=\"elementor-widget-container\">\n\t\t\t\t\t<style type=\"text\/css\">a.nd_booking_bg_yellow { background-color:#78635A; }<\/style>\t\t\t\t<\/div>\n\t\t\t\t<\/div>\n\t\t\t\t\t<\/div>\n\t\t<\/div>\n\t\t\t\t\t<\/div>\n\t\t<\/section>\n\t\t\t\t<\/div>","protected":false},"excerpt":{"rendered":"<p>Verificaci\u00f3n \u00a1Gracias por su reserva! Hemos recibido correctamente su solicitud y ya se encuentra en proceso de verificaci\u00f3n. Nuestro equipo est\u00e1 revisando los detalles para asegurar la disponibilidad y brindarle la mejor experiencia posible. En los pr\u00f3ximos minutos, uno de nuestros asesores se comunicar\u00e1 con usted a trav\u00e9s de los datos proporcionados para confirmar la [&hellip;]<\/p>\n","protected":false},"author":1,"featured_media":0,"parent":0,"menu_order":0,"comment_status":"closed","ping_status":"closed","template":"","meta":{"footnotes":""},"class_list":["post-8123","page","type-page","status-publish","hentry"],"_links":{"self":[{"href":"https:\/\/coquesa.hotelesandina.com\/en\/wp-json\/wp\/v2\/pages\/8123","targetHints":{"allow":["GET"]}}],"collection":[{"href":"https:\/\/coquesa.hotelesandina.com\/en\/wp-json\/wp\/v2\/pages"}],"about":[{"href":"https:\/\/coquesa.hotelesandina.com\/en\/wp-json\/wp\/v2\/types\/page"}],"author":[{"embeddable":true,"href":"https:\/\/coquesa.hotelesandina.com\/en\/wp-json\/wp\/v2\/users\/1"}],"replies":[{"embeddable":true,"href":"https:\/\/coquesa.hotelesandina.com\/en\/wp-json\/wp\/v2\/comments?post=8123"}],"version-history":[{"count":4,"href":"https:\/\/coquesa.hotelesandina.com\/en\/wp-json\/wp\/v2\/pages\/8123\/revisions"}],"predecessor-version":[{"id":8127,"href":"https:\/\/coquesa.hotelesandina.com\/en\/wp-json\/wp\/v2\/pages\/8123\/revisions\/8127"}],"wp:attachment":[{"href":"https:\/\/coquesa.hotelesandina.com\/en\/wp-json\/wp\/v2\/media?parent=8123"}],"curies":[{"name":"wp","href":"https:\/\/api.w.org\/{rel}","templated":true}]}}